{"id":22,"date":"2021-10-25T19:32:31","date_gmt":"2021-10-25T19:32:31","guid":{"rendered":"https:\/\/kindertagespflege-wirbelwind.com\/?page_id=22"},"modified":"2025-03-03T21:21:24","modified_gmt":"2025-03-03T21:21:24","slug":"oeffnungszeiten-und-urlaub","status":"publish","type":"page","link":"https:\/\/kindertagespflege-wirbelwind.com\/?page_id=22","title":{"rendered":"\u00d6ffnungszeiten und Urlaub"},"content":{"rendered":"\n<h2 class=\"wp-block-heading\"><a>\u00d6ffnungszeiten<\/a><\/h2>\n\n\n\n<p>Die \u00d6ffnungszeiten meiner Kindertagespflege sind flexibel. Nach Absprache betreue ich auch in den Ferien und im Notfall \u00fcber Nacht und am Wochenende.<\/p>\n\n\n\n<p>Haupts\u00e4chlich betreue ich von:<\/p>\n\n\n\n<p>Montag bis Freitag<\/p>\n\n\n\n<p>07:30 Uhr bis 15:00 Uhr<\/p>\n\n\n\n<p>und nach Absprache.<\/p>\n\n\n\n<h2 class=\"wp-block-heading\"><a>Urlaub<\/a><\/h2>\n\n\n\n<p>Meinen Urlaub plane ich im November f\u00fcr das kommende Jahr.<\/p>\n\n\n\n<p>Die Kindertagespflege \u201c Wirbelwind \u201c ist in der N\u00e4he der Homburg Schule Stadtoldendorf, Freibad und Sportplatz gelegen.<\/p>\n","protected":false},"excerpt":{"rendered":"<p>\u00d6ffnungszeiten Die \u00d6ffnungszeiten meiner Kindertagespflege sind flexibel. Nach Absprache betreue ich auch in den Ferien und im Notfall \u00fcber Nacht und am Wochenende. Haupts\u00e4chlich betreue ich von: Montag bis Freitag 07:30 Uhr bis 15:00 Uhr und nach Absprache. Urlaub Meinen Urlaub plane ich im November f\u00fcr das kommende Jahr. Die Kindertagespflege \u201c Wirbelwind \u201c ist &hellip; <\/p>\n<p class=\"link-more\"><a href=\"https:\/\/kindertagespflege-wirbelwind.com\/?page_id=22\" class=\"more-link\"><span class=\"screen-reader-text\">\u201e\u00d6ffnungszeiten und Urlaub\u201c<\/span> weiterlesen<\/a><\/p>\n","protected":false},"author":3,"featured_media":0,"parent":0,"menu_order":0,"comment_status":"closed","ping_status":"closed","template":"","meta":{"footnotes":""},"class_list":["post-22","page","type-page","status-publish","hentry"],"jetpack-related-posts":[],"jetpack_sharing_enabled":true,"_links":{"self":[{"href":"https:\/\/kindertagespflege-wirbelwind.com\/index.php?rest_route=\/wp\/v2\/pages\/22","targetHints":{"allow":["GET"]}}],"collection":[{"href":"https:\/\/kindertagespflege-wirbelwind.com\/index.php?rest_route=\/wp\/v2\/pages"}],"about":[{"href":"https:\/\/kindertagespflege-wirbelwind.com\/index.php?rest_route=\/wp\/v2\/types\/page"}],"author":[{"embeddable":true,"href":"https:\/\/kindertagespflege-wirbelwind.com\/index.php?rest_route=\/wp\/v2\/users\/3"}],"replies":[{"embeddable":true,"href":"https:\/\/kindertagespflege-wirbelwind.com\/index.php?rest_route=%2Fwp%2Fv2%2Fcomments&post=22"}],"version-history":[{"count":3,"href":"https:\/\/kindertagespflege-wirbelwind.com\/index.php?rest_route=\/wp\/v2\/pages\/22\/revisions"}],"predecessor-version":[{"id":48,"href":"https:\/\/kindertagespflege-wirbelwind.com\/index.php?rest_route=\/wp\/v2\/pages\/22\/revisions\/48"}],"wp:attachment":[{"href":"https:\/\/kindertagespflege-wirbelwind.com\/index.php?rest_route=%2Fwp%2Fv2%2Fmedia&parent=22"}],"curies":[{"name":"wp","href":"https:\/\/api.w.org\/{rel}","templated":true}]}}