{"id":2,"date":"2016-05-10T03:48:21","date_gmt":"2016-05-10T03:48:21","guid":{"rendered":"http:\/\/kindertagespflege-wirbelwind.com\/?page_id=2"},"modified":"2025-11-17T16:42:32","modified_gmt":"2025-11-17T16:42:32","slug":"ueber-mich","status":"publish","type":"page","link":"https:\/\/kindertagespflege-wirbelwind.com\/?page_id=2","title":{"rendered":"\u00dcber mich"},"content":{"rendered":"\n<p>Mein Name ist Sabrina Pagel &#8211; B\u00e4cker, bin 45 Jahre alt, verheiratet und Mutter von 2 T\u00f6chtern geboren 2014 und 2016. Vor meiner Qualifizierung zur Tagesmutter habe ich als Arzthelferin \/ Medizinische Fachangestellte im Krankenhaus gearbeitet.<br>Die durch das Jugendamt Holzminden erteilte Pflegeerlaubnis nach \u00a7 43 SGB VIII erlaubt mir eine zeitgleiche Betreuung von bis zu 5 Kindern.<br>Da ich aus eigener Erfahrung wei\u00df, wie schwierig es sein kann, Familie und Beruf miteinander zu vereinbaren, m\u00f6chte ich durch meine T\u00e4tigkeit als Tagesmutter die Eltern unterst\u00fctzen, die aus verschiedenen Gr\u00fcnden zur\u00fcck in die Berufst\u00e4tigkeit gehen wollen bzw. m\u00fcssen.<br>Nat\u00fcrlich m\u00f6chte ich in erster Linie, dass meine Tageskinder bei mir eine Menge Spa\u00df haben, dass sie sich bei mir wohl und geborgen f\u00fchlen und ich sie ermuntern kann, neugierig die Welt zu erkunden im Vertrauen darauf, dass ich Ihnen mit helfender Hand zur Seite stehe. <br>Ich m\u00f6chte sie mit altersgerechtem Spielzeug in ihrer motorischen und geistigen Entwicklung individuell f\u00f6rdern. Da wir einen Garten haben, ist mir viel Bewegung an der frischen Luft sehr wichtig. Hier k\u00f6nnen auch die Kleinsten in sicherer Umgebung zu kleinen Forschern werden. Gerne begleite ich meine Tageskinder ein St\u00fcck ihres Weges bis zum Eintritt in den Kindergarten oder die Krippe und mache sie mit ersten Ritualen und Regeln vertraut.<br>In meiner Freizeit bastle und n\u00e4he ich gerne, bin viel drau\u00dfen mit meinen Kindern und meinem Hund, wir machen gerne Geocaching.<br>In der Kindertagespflege \u201c Wirbelwind \u201c in Stadtoldendorf lassen Sie Ihr Kind nicht mit mir alleine, sondern erlauben ihm, Teil einer kleinen Gruppe von bis zu 5 Kindern zu werden. In der Gruppe kann Ihr Kind verschiedene Rollen ausprobieren und erste Freundschaften schlie\u00dfen. Es lernt, sich durchzusetzen, aber auch, Verst\u00e4ndnis f\u00fcr die W\u00fcnsche und Bed\u00fcrfnisse der anderen Kinder aufzubringen. Das daraus entstehende Gef\u00fcge gibt den Kindern Halt und hilft ihnen, sich individuell zu entwickeln.<\/p>\n\n\n\n<p><strong>Meine Familie<\/strong><\/p>\n\n\n\n<p>Zu meiner Familie geh\u00f6ren mein Mann Daniel sowie unsere T\u00f6chter Kim Fabienne<br \/>geb. 2014 und Lia Sophie geb. 2016.<\/p>\n\n\n\n<figure class=\"wp-block-image size-large\"><img decoding=\"async\" src=\"blob:http:\/\/kindertagespflege-wirbelwind.com\/f583de99-3b81-48d0-b9da-6406bef977fd\" alt=\"\"\/><\/figure>\n","protected":false},"excerpt":{"rendered":"<p>Mein Name ist Sabrina Pagel &#8211; B\u00e4cker, bin 45 Jahre alt, verheiratet und Mutter von 2 T\u00f6chtern geboren 2014 und 2016. Vor meiner Qualifizierung zur Tagesmutter habe ich als Arzthelferin \/ Medizinische Fachangestellte im Krankenhaus gearbeitet.Die durch das Jugendamt Holzminden erteilte Pflegeerlaubnis nach \u00a7 43 SGB VIII erlaubt mir eine zeitgleiche Betreuung von bis zu &hellip; <\/p>\n<p class=\"link-more\"><a href=\"https:\/\/kindertagespflege-wirbelwind.com\/?page_id=2\" class=\"more-link\"><span class=\"screen-reader-text\">\u201e\u00dcber mich\u201c<\/span> weiterlesen<\/a><\/p>\n","protected":false},"author":3,"featured_media":0,"parent":0,"menu_order":0,"comment_status":"closed","ping_status":"open","template":"","meta":{"footnotes":""},"class_list":["post-2","page","type-page","status-publish","hentry"],"jetpack-related-posts":[],"jetpack_sharing_enabled":true,"_links":{"self":[{"href":"https:\/\/kindertagespflege-wirbelwind.com\/index.php?rest_route=\/wp\/v2\/pages\/2","targetHints":{"allow":["GET"]}}],"collection":[{"href":"https:\/\/kindertagespflege-wirbelwind.com\/index.php?rest_route=\/wp\/v2\/pages"}],"about":[{"href":"https:\/\/kindertagespflege-wirbelwind.com\/index.php?rest_route=\/wp\/v2\/types\/page"}],"author":[{"embeddable":true,"href":"https:\/\/kindertagespflege-wirbelwind.com\/index.php?rest_route=\/wp\/v2\/users\/3"}],"replies":[{"embeddable":true,"href":"https:\/\/kindertagespflege-wirbelwind.com\/index.php?rest_route=%2Fwp%2Fv2%2Fcomments&post=2"}],"version-history":[{"count":8,"href":"https:\/\/kindertagespflege-wirbelwind.com\/index.php?rest_route=\/wp\/v2\/pages\/2\/revisions"}],"predecessor-version":[{"id":53,"href":"https:\/\/kindertagespflege-wirbelwind.com\/index.php?rest_route=\/wp\/v2\/pages\/2\/revisions\/53"}],"wp:attachment":[{"href":"https:\/\/kindertagespflege-wirbelwind.com\/index.php?rest_route=%2Fwp%2Fv2%2Fmedia&parent=2"}],"curies":[{"name":"wp","href":"https:\/\/api.w.org\/{rel}","templated":true}]}}