{"id":10,"date":"2021-06-07T20:05:05","date_gmt":"2021-06-07T20:05:05","guid":{"rendered":"http:\/\/kindertagespflege-wirbelwind.com\/?page_id=10"},"modified":"2025-11-17T16:42:56","modified_gmt":"2025-11-17T16:42:56","slug":"rahmenbedingungen","status":"publish","type":"page","link":"https:\/\/kindertagespflege-wirbelwind.com\/?page_id=10","title":{"rendered":"Rahmenbedingungen"},"content":{"rendered":"\n<p>Ich biete Ihrem Kind zwischen 0 und 3 Jahren viel Platz, um sich auf verschiedene Arten zu entfalten. F\u00fcr die Gruppe stehen 5 R\u00e4ume mit einer Gesamtfl\u00e4che von insgesamt 62m2 zur Verf\u00fcgung. Die Kindertagespflege findet in meinen eigenen R\u00e4umen statt. Eine moderne Einrichtung und Ausstattung sorgen daf\u00fcr, dass sich Ihr Kind rundum wohlf\u00fchlt. Nat\u00fcrlich habe ich entsprechende Sicherheitsma\u00dfnahmen ergriffen, um Unf\u00e4lle zu vermeiden und die Kinder w\u00e4hrend des Spielens zu sch\u00fctzen.<br>Die R\u00e4ume sind an die Bed\u00fcrfnisse der Kinder angepasst. Der Waschbereich bietet eine eigene Wickelstation und Toilette (T\u00f6pfchen\/Toilettensitz).<br>Das Spielzimmer und der Schlafraum ist 16m2 gro\u00df. Au\u00dferdem haben die Kinder die M\u00f6glichkeit, zeitweilig unsere Wohnr\u00e4ume mit zu benutzen. So begleiten mich die Kinder zum Beispiel zum Kochen in der K\u00fcche. Dabei binde ich nach M\u00f6glichkeit die Kinder mit ein und mache das Mittagessen so zum gemeinsamen Erlebnis. Durch verschiedene eigene Bereiche schaffe ich zudem kleine Inseln zum Basteln, Spielen und Toben.<br>Im normalen Alltag ist der Zugang f\u00fcr die Kinder auf das Erdgescho\u00df beschr\u00e4nkt. Ein<br>Gitter versperrt den Zugang zur Treppe.<br>Die Tageskinder werden in unseren Alltag mit einbezogen. Allt\u00e4gliche Erledigungen<br>wie z.B. mit unserem Hund spazieren gehen oder einkaufen werden mit den Tageskindern zusammen erledigt. Selbstverst\u00e4ndlich werden die Tageskinder in geeigneten Kindersitzen transportiert.<br>Nat\u00fcrlich werden Sie vorab immer Informiert wenn wir Aktivit\u00e4ten planen.<\/p>\n","protected":false},"excerpt":{"rendered":"<p>Ich biete Ihrem Kind zwischen 0 und 3 Jahren viel Platz, um sich auf verschiedene Arten zu entfalten. F\u00fcr die Gruppe stehen 5 R\u00e4ume mit einer Gesamtfl\u00e4che von insgesamt 62m2 zur Verf\u00fcgung. Die Kindertagespflege findet in meinen eigenen R\u00e4umen statt. Eine moderne Einrichtung und Ausstattung sorgen daf\u00fcr, dass sich Ihr Kind rundum wohlf\u00fchlt. Nat\u00fcrlich habe &hellip; <\/p>\n<p class=\"link-more\"><a href=\"https:\/\/kindertagespflege-wirbelwind.com\/?page_id=10\" class=\"more-link\"><span class=\"screen-reader-text\">\u201eRahmenbedingungen\u201c<\/span> weiterlesen<\/a><\/p>\n","protected":false},"author":3,"featured_media":0,"parent":0,"menu_order":0,"comment_status":"closed","ping_status":"closed","template":"","meta":{"footnotes":""},"class_list":["post-10","page","type-page","status-publish","hentry"],"jetpack-related-posts":[],"jetpack_sharing_enabled":true,"_links":{"self":[{"href":"https:\/\/kindertagespflege-wirbelwind.com\/index.php?rest_route=\/wp\/v2\/pages\/10","targetHints":{"allow":["GET"]}}],"collection":[{"href":"https:\/\/kindertagespflege-wirbelwind.com\/index.php?rest_route=\/wp\/v2\/pages"}],"about":[{"href":"https:\/\/kindertagespflege-wirbelwind.com\/index.php?rest_route=\/wp\/v2\/types\/page"}],"author":[{"embeddable":true,"href":"https:\/\/kindertagespflege-wirbelwind.com\/index.php?rest_route=\/wp\/v2\/users\/3"}],"replies":[{"embeddable":true,"href":"https:\/\/kindertagespflege-wirbelwind.com\/index.php?rest_route=%2Fwp%2Fv2%2Fcomments&post=10"}],"version-history":[{"count":2,"href":"https:\/\/kindertagespflege-wirbelwind.com\/index.php?rest_route=\/wp\/v2\/pages\/10\/revisions"}],"predecessor-version":[{"id":32,"href":"https:\/\/kindertagespflege-wirbelwind.com\/index.php?rest_route=\/wp\/v2\/pages\/10\/revisions\/32"}],"wp:attachment":[{"href":"https:\/\/kindertagespflege-wirbelwind.com\/index.php?rest_route=%2Fwp%2Fv2%2Fmedia&parent=10"}],"curies":[{"name":"wp","href":"https:\/\/api.w.org\/{rel}","templated":true}]}}